{"id":36,"date":"2013-06-20T18:24:21","date_gmt":"2013-06-20T14:24:21","guid":{"rendered":"http:\/\/congress2013.hirudotherapy.com\/?page_id=36"},"modified":"2013-11-29T23:38:49","modified_gmt":"2013-11-29T19:38:49","slug":"aboutcongress","status":"publish","type":"page","link":"https:\/\/congress2013.hirudotherapy.com\/es\/aboutcongress\/","title":{"rendered":"Acerca del Congreso"},"content":{"rendered":"<p><a href=\"http:\/\/fotki.yandex.ru\/users\/konstantinvs\/album\/364588\/?p=0\" target=\"_blank\"><img decoding=\"async\" src=\"http:\/\/img-fotki.yandex.ru\/get\/5009\/10056291.0\/0_b7e61_438a27c7_XS.jpg\"\/><img decoding=\"async\" src=\"http:\/\/img-fotki.yandex.ru\/get\/9065\/10056291.1\/0_b7e81_69b2ab89_XS\"\/><img decoding=\"async\" src=\"http:\/\/img-fotki.yandex.ru\/get\/9509\/10056291.2\/0_b81bd_b46d1a78_XS.jpg\"\/><img decoding=\"async\" src=\"http:\/\/img-fotki.yandex.ru\/get\/6704\/10056291.3\/0_b81e5_a7dba7b1_XS.jpg\"\/><br \/><img decoding=\"async\" src=\"http:\/\/img-fotki.yandex.ru\/get\/9167\/10056291.3\/0_b81de_a9d67e3a_XS.jpg\"\/><img decoding=\"async\" src=\"http:\/\/img-fotki.yandex.ru\/get\/9504\/10056291.3\/0_b81e3_b05d9c84_XS.jpg\"\/><img decoding=\"async\" src=\"http:\/\/img-fotki.yandex.ru\/get\/9360\/10056291.3\/0_b81d8_20bb0b0_XS.jpg\"\/><img decoding=\"async\" src=\"http:\/\/img-fotki.yandex.ru\/get\/9300\/10056291.3\/0_b81e1_83e8ba77_XS.jpg\"\/><br \/><strong>Haz clic aqu\u00ed para ver m\u00e1s f\u00f3tos del Congreso.<\/strong><\/a><\/p>\n<p>El primer Congreso Mundial sobre hirudoterapia se celebrar\u00e1 el 24 y 25 septiembre, 2013 en Mosc\u00fa, Rusia.<\/p>\n<p>Los Objetivos del Congreso son los siguientes unir  a los especialistas que utilizan en sus actividades las sanguijuelas medicinales y la gente interesada en este sentido, con la base de profesionalidad, enfoque razonable y cuidadoso a las habilidades de la Naturaleza.<\/p>\n<p>En el Congreso se planea crear una sociedad profesional internacional &#8211; (WHTO &#8211; World HirudoTherapy Organization) La  Organizaci\u00f3n Mundial de Hirudoterapia, con sede en Mosc\u00fa (Rusia) y la formaci\u00f3n de las Oficinas Regionales  de los pa\u00edses miembros del Congreso.  El Reglamento, las metas y los  objetivos de la organizaci\u00f3n que se construye ser\u00e1n enviados m\u00e1s tarde para discusi\u00f3n, agregaciones y edici\u00f3n,.<br \/>\nDurante dos d\u00edas del Congreso ser\u00e1n representados los expertos, profesionales e investigadores de varios pa\u00edses, se espera la presentaci\u00f3n de las investigaciones en diversos campos de hiruditerapia, tales como medicina interna, obstetricia y ginecolog\u00eda, medicina veterinaria, odontolog\u00eda, ciencias biom\u00e9dicas y de la educaci\u00f3n m\u00e9dica.<\/p>\n<p>Esto proporcionar\u00e1 oportunidades a los colegas para intercambiar de las diversas experiencias en diversos campos, reunirse con sus correligion\u00e1rios, lo que aumenta su capacidad y ampliar los horizontes y oportunidades para el futuro de las investigaciones y de la cooperaci\u00f3n internacional.<\/p>\n<p><strong>Los idiomas oficiales del Congreso son el Ruso y el Ingl\u00e9s.<\/strong><\/p>\n<p>Logotipo oficial del Congreso:<br \/>\n<img decoding=\"async\" src=\"http:\/\/media1.hirudotherapy.com\/2013\/06\/logo-small2.png\" \/><br \/>\n<a href=\"http:\/\/media1.hirudotherapy.com\/2013\/06\/logo.png\" target=\"_blank\">Haz un clic aqu\u00ed para obtener el logotipo en formato grande.<\/a><br \/>\n<\/p>","protected":false},"excerpt":{"rendered":"<p>Haz clic aqu\u00ed para ver m\u00e1s f\u00f3tos del Congreso. El primer Congreso Mundial sobre hirudoterapia se celebrar\u00e1 el 24 y 25 septiembre, 2013 en Mosc\u00fa, Rusia. Los Objetivos del Congreso son los siguientes unir a los especialistas que utilizan en sus actividades las sanguijuelas medicinales y la gente interesada en este sentido, con la base &hellip; <\/p>\n<p><a class=\"more-link btn\" href=\"https:\/\/congress2013.hirudotherapy.com\/es\/aboutcongress\/\">Seguir leyendo<\/a><\/p>\n","protected":false},"author":1,"featured_media":0,"parent":0,"menu_order":0,"comment_status":"closed","ping_status":"open","template":"","meta":{"footnotes":""},"class_list":["post-36","page","type-page","status-publish","hentry","nodate","item-wrap"],"_links":{"self":[{"href":"https:\/\/congress2013.hirudotherapy.com\/es\/wp-json\/wp\/v2\/pages\/36","targetHints":{"allow":["GET"]}}],"collection":[{"href":"https:\/\/congress2013.hirudotherapy.com\/es\/wp-json\/wp\/v2\/pages"}],"about":[{"href":"https:\/\/congress2013.hirudotherapy.com\/es\/wp-json\/wp\/v2\/types\/page"}],"author":[{"embeddable":true,"href":"https:\/\/congress2013.hirudotherapy.com\/es\/wp-json\/wp\/v2\/users\/1"}],"replies":[{"embeddable":true,"href":"https:\/\/congress2013.hirudotherapy.com\/es\/wp-json\/wp\/v2\/comments?post=36"}],"version-history":[{"count":5,"href":"https:\/\/congress2013.hirudotherapy.com\/es\/wp-json\/wp\/v2\/pages\/36\/revisions"}],"predecessor-version":[{"id":562,"href":"https:\/\/congress2013.hirudotherapy.com\/es\/wp-json\/wp\/v2\/pages\/36\/revisions\/562"}],"wp:attachment":[{"href":"https:\/\/congress2013.hirudotherapy.com\/es\/wp-json\/wp\/v2\/media?parent=36"}],"curies":[{"name":"wp","href":"https:\/\/api.w.org\/{rel}","templated":true}]}}